{"id":3116,"date":"2015-12-08T11:38:52","date_gmt":"2015-12-08T11:38:52","guid":{"rendered":"https:\/\/www.douglasbeer.com\/fr\/biography\/"},"modified":"2019-02-10T18:19:33","modified_gmt":"2019-02-10T17:19:33","slug":"biographie","status":"publish","type":"page","link":"https:\/\/www.douglasbeer.com\/fr\/biographie\/","title":{"rendered":"Biographie"},"content":{"rendered":"<div class=\"wpb-content-wrapper\"><p>[vc_row full_width=\u00a0\u00bbstretch_row_content_no_spaces_content\u00a0\u00bb][vc_column offset=\u00a0\u00bbvc_col-xs-12&Prime;][vc_empty_space height=\u00a0\u00bb120px\u00a0\u00bb][\/vc_column][\/vc_row][vc_row full_width=\u00a0\u00bbstretch_row_content_no_spaces_content\u00a0\u00bb][vc_column width=\u00a0\u00bb1\/3&Prime;][\/vc_column][vc_column width=\u00a0\u00bb2\/3&Prime; offset=\u00a0\u00bbvc_hidden-sm vc_col-xs-12 vc_hidden-xs\u00a0\u00bb]\n\t<div class=\"fl-title big-title-left\" data-wow-delay=\"0.3s\" style=\"visibility: visible; animation-delay: 0.3s;\">\n\t\t<span class=\"fl-title-small\" style=\"color:\">Douglas Beer<\/span>\n\t\t<div class=\"fl-title-medium ftm\">Biographie<\/div>\n\t<\/div>\n\t[vc_empty_space height=\u00a0\u00bb40px\u00a0\u00bb][\/vc_column][\/vc_row][vc_row full_width=\u00a0\u00bbstretch_row_content_no_spaces_content\u00a0\u00bb][vc_column width=\u00a0\u00bb1\/3&Prime;][vc_single_image image=\u00a0\u00bb3069&Prime; img_size=\u00a0\u00bblarge\u00a0\u00bb el_class=\u00a0\u00bbmobilecenter\u00a0\u00bb][\/vc_column][vc_column width=\u00a0\u00bb2\/3&Prime; offset=\u00a0\u00bbvc_col-xs-12&Prime;][vc_column_text el_class=\u00a0\u00bbbig-text\u00a0\u00bb]<\/p>\n<p style=\"text-align: justify;\">Douglas Beer est \u00e9crivain, cin\u00e9aste, artiste, professeur. Dipl\u00f4m\u00e9 en art et cin\u00e9ma de l&rsquo;Universit\u00e9 d&rsquo;Art et de Design de Gen\u00e8ve et du Whitney Independent Study Program (WISP) \u00e0 New York.<\/p>\n<p style=\"text-align: justify;\">Tout en \u00e9crivant des sc\u00e9narios, il a r\u00e9alis\u00e9 des sculptures et des installations expos\u00e9es en Suisse, en France, en Angleterre, en Allemagne, en Italie et aux USA. Beaucoup ont \u00e9t\u00e9 achet\u00e9es par des collections publiques et priv\u00e9es.<\/p>\n<p style=\"text-align: justify;\">Entre 1981 et 2010 il a r\u00e9alis\u00e9 5 courts-m\u00e9trage et en 2014 il \u00e9tait finaliste de deux prestigieux prix de sc\u00e9nario aux USA pour Feeding The Sharks, sc\u00e9nario de long-m\u00e9trage de fiction.<\/p>\n<p style=\"text-align: justify;\">N\u00e9 \u00e0 Alger, Douglas est citoyen britannique et suisse. Il vit actuellement en Suisse.<\/p>\n<p>[\/vc_column_text][vc_empty_space][vc_column_text]<strong>FILMS R\u00c9ALIS\u00c9S<\/strong><\/p>\n<p class=\"p4\"><strong>L\u2019instant infini (The Infinite Moment)<\/strong>, HD couleur 90 min., 2017<br \/>\n<strong>Quand la mis\u00e8re pass\u00e9 sous la porte\u2026\u00a0<\/strong>HDV, 2 min., 2010<br \/>\n<strong>Un pur hasard\u00a0<\/strong>DVcam couleur de 12 min., 2004<br \/>\n<strong>L\u2019annonciatrice<\/strong>\u00a0film 35 mm couleur de 15 min., 1991<br \/>\n<strong>Parcs<\/strong>\u00a0film 16 mm couleur 29 min., 1989<br \/>\n<strong>Blinds<\/strong>\u00a016 mm n\/b 59 min., 1981<\/p>\n<p>[\/vc_column_text][\/vc_column][\/vc_row]<\/p>\n<\/div>","protected":false},"excerpt":{"rendered":"<p>[vc_row full_width=\u00a0\u00bbstretch_row_content_no_spaces_content\u00a0\u00bb][vc_column offset=\u00a0\u00bbvc_col-xs-12&Prime;][vc_empty_space height=\u00a0\u00bb120px\u00a0\u00bb][\/vc_column][\/vc_row][vc_row full_width=\u00a0\u00bbstretch_row_content_no_spaces_content\u00a0\u00bb][vc_column width=\u00a0\u00bb1\/3&Prime;][\/vc_column][vc_column width=\u00a0\u00bb2\/3&Prime; offset=\u00a0\u00bbvc_hidden-sm vc_col-xs-12 vc_hidden-xs\u00a0\u00bb][vc_empty_space height=\u00a0\u00bb40px\u00a0\u00bb][\/vc_column][\/vc_row][vc_row full_width=\u00a0\u00bbstretch_row_content_no_spaces_content\u00a0\u00bb][vc_column width=\u00a0\u00bb1\/3&Prime;][vc_single_image image=\u00a0\u00bb3069&Prime; img_size=\u00a0\u00bblarge\u00a0\u00bb el_class=\u00a0\u00bbmobilecenter\u00a0\u00bb][\/vc_column][vc_column width=\u00a0\u00bb2\/3&Prime; offset=\u00a0\u00bbvc_col-xs-12&Prime;][vc_column_text el_class=\u00a0\u00bbbig-text\u00a0\u00bb] Douglas Beer est \u00e9crivain, cin\u00e9aste, artiste, professeur. Dipl\u00f4m\u00e9 en art et cin\u00e9ma de l&rsquo;Universit\u00e9 d&rsquo;Art et de Design de Gen\u00e8ve et du Whitney Independent Study Program (WISP) \u00e0 New York. Tout en \u00e9crivant des sc\u00e9narios, il [&hellip;]<\/p>\n","protected":false},"author":1,"featured_media":0,"parent":0,"menu_order":0,"comment_status":"closed","ping_status":"closed","template":"template-history.php","meta":{"footnotes":""},"class_list":["post-3116","page","type-page","status-publish","hentry"],"_links":{"self":[{"href":"https:\/\/www.douglasbeer.com\/fr\/wp-json\/wp\/v2\/pages\/3116\/"}],"collection":[{"href":"https:\/\/www.douglasbeer.com\/fr\/wp-json\/wp\/v2\/pages\/"}],"about":[{"href":"https:\/\/www.douglasbeer.com\/fr\/wp-json\/wp\/v2\/types\/page\/"}],"author":[{"embeddable":true,"href":"https:\/\/www.douglasbeer.com\/fr\/wp-json\/wp\/v2\/users\/1\/"}],"replies":[{"embeddable":true,"href":"https:\/\/www.douglasbeer.com\/fr\/wp-json\/wp\/v2\/comments\/?post=3116"}],"version-history":[{"count":12,"href":"https:\/\/www.douglasbeer.com\/fr\/wp-json\/wp\/v2\/pages\/3116\/revisions\/"}],"predecessor-version":[{"id":3706,"href":"https:\/\/www.douglasbeer.com\/fr\/wp-json\/wp\/v2\/pages\/3116\/revisions\/3706\/"}],"wp:attachment":[{"href":"https:\/\/www.douglasbeer.com\/fr\/wp-json\/wp\/v2\/media\/?parent=3116"}],"curies":[{"name":"wp","href":"https:\/\/api.w.org\/{rel}","templated":true}]}}